{"id":501,"date":"2015-07-03T08:26:47","date_gmt":"2015-07-03T06:26:47","guid":{"rendered":"http:\/\/osfm-splet.splet.arnes.si\/?page_id=501"},"modified":"2018-08-29T09:03:01","modified_gmt":"2018-08-29T07:03:01","slug":"vpis-v-srednje-sole","status":"publish","type":"page","link":"https:\/\/www.fmalgaja.si\/?page_id=501","title":{"rendered":"Vpis v srednje \u0161ole"},"content":{"rendered":"<p><strong>ROKOVNIK ZA VPIS NOVINCEV V SREDNJE \u0160OLE V \u0160OL. LETU 2018\/2019<\/strong><\/p>\n<p>Rokovnik &#8211; splo\u0161no<br \/>\nRokovnik za prijavo kandidatov in izvedbo vpisa v 1. letnik<\/p>\n<p>&nbsp;<\/p>\n<p>&nbsp;<\/p>\n<p>&nbsp;<\/p>\n","protected":false},"excerpt":{"rendered":"<p>ROKOVNIK ZA VPIS NOVINCEV V SREDNJE \u0160OLE V \u0160OL. LETU 2018\/2019 Rokovnik &#8211; splo\u0161no Rokovnik za prijavo kandidatov in izvedbo vpisa v 1. letnik &nbsp; &nbsp; &nbsp;<\/p>\n","protected":false},"author":4407,"featured_media":0,"parent":0,"menu_order":0,"comment_status":"closed","ping_status":"open","template":"","meta":{"_et_pb_use_builder":"","_et_pb_old_content":"","_et_gb_content_width":"","ngg_post_thumbnail":0,"footnotes":"","_expiration-date-status":"saved","_expiration-date":0,"_expiration-date-type":"","_expiration-date-categories":[],"_expiration-date-options":[]},"class_list":["post-501","page","type-page","status-publish","hentry"],"_links":{"self":[{"href":"https:\/\/www.fmalgaja.si\/index.php?rest_route=\/wp\/v2\/pages\/501","targetHints":{"allow":["GET"]}}],"collection":[{"href":"https:\/\/www.fmalgaja.si\/index.php?rest_route=\/wp\/v2\/pages"}],"about":[{"href":"https:\/\/www.fmalgaja.si\/index.php?rest_route=\/wp\/v2\/types\/page"}],"author":[{"embeddable":true,"href":"https:\/\/www.fmalgaja.si\/index.php?rest_route=\/wp\/v2\/users\/4407"}],"replies":[{"embeddable":true,"href":"https:\/\/www.fmalgaja.si\/index.php?rest_route=%2Fwp%2Fv2%2Fcomments&post=501"}],"version-history":[{"count":20,"href":"https:\/\/www.fmalgaja.si\/index.php?rest_route=\/wp\/v2\/pages\/501\/revisions"}],"predecessor-version":[{"id":6193,"href":"https:\/\/www.fmalgaja.si\/index.php?rest_route=\/wp\/v2\/pages\/501\/revisions\/6193"}],"wp:attachment":[{"href":"https:\/\/www.fmalgaja.si\/index.php?rest_route=%2Fwp%2Fv2%2Fmedia&parent=501"}],"curies":[{"name":"wp","href":"https:\/\/api.w.org\/{rel}","templated":true}]}}