{"id":423,"date":"2015-06-08T10:21:01","date_gmt":"2015-06-08T08:21:01","guid":{"rendered":"http:\/\/osfm-splet.splet.arnes.si\/?page_id=423"},"modified":"2020-04-07T12:31:11","modified_gmt":"2020-04-07T10:31:11","slug":"osfm-aktualno","status":"publish","type":"page","link":"https:\/\/www.fmalgaja.si\/?page_id=423","title":{"rendered":"osfm-aktualno"},"content":{"rendered":"<p>[et_pb_section fb_built=&#8221;1&#8243; background_image=&#8221;http:\/\/osfm-splet.splet.arnes.si\/files\/2015\/06\/osfm1.jpg&#8221; transparent_background=&#8221;on&#8221; fullwidth=&#8221;on&#8221; admin_label=&#8221;section&#8221;][et_pb_fullwidth_slider auto=&#8221;on&#8221; auto_speed=&#8221;10000&#8243; admin_label=&#8221;Fullwidth Slider&#8221;][et_pb_slide heading=&#8221;O\u0160 Franja Malgaja \u0160entjur&#8221; background_image=&#8221;http:\/\/osfm-splet.splet.arnes.si\/files\/2015\/08\/osfm1.jpg&#8221;][\/et_pb_slide][et_pb_slide heading=&#8221;O\u0160 Franja Malgaja \u0160entjur&#8221; background_image=&#8221;http:\/\/osfm-splet.splet.arnes.si\/files\/2015\/06\/osfm2.jpg&#8221;][\/et_pb_slide][et_pb_slide heading=&#8221;O\u0160 Franja Malgaja \u0160entjur&#8221; background_image=&#8221;http:\/\/osfm-splet.splet.arnes.si\/files\/2015\/06\/osfm3.jpg&#8221;][\/et_pb_slide][\/et_pb_fullwidth_slider][et_pb_fullwidth_menu menu_id=&#8221;8&#8243; background_color=&#8221;#fff8a0&#8243; text_orientation=&#8221;right&#8221; submenu_direction=&#8221;downwards&#8221; admin_label=&#8221;Glavni Menu&#8221; module_id=&#8221;velikost-menija&#8221;][\/et_pb_fullwidth_menu][\/et_pb_section][et_pb_section fb_built=&#8221;1&#8243; custom_padding=&#8221;5px|5px|5px|5px&#8221; admin_label=&#8221;section&#8221;][et_pb_row make_fullwidth=&#8221;on&#8221; custom_padding=&#8221;|||&#8221; custom_margin=&#8221;|||&#8221; admin_label=&#8221;row&#8221;][et_pb_column type=&#8221;3_4&#8243; parallax=&#8221;off&#8221; parallax_method=&#8221;on&#8221;][et_pb_blog fullwidth=&#8221;off&#8221; posts_number=&#8221;10&#8243; include_categories=&#8221;9&#8243; show_more=&#8221;on&#8221; show_author=&#8221;off&#8221; show_date=&#8221;off&#8221; show_categories=&#8221;off&#8221; offset_number=&#8221;0&#8243; admin_label=&#8221;Blog&#8221;][\/et_pb_blog][\/et_pb_column][et_pb_column type=&#8221;1_4&#8243; parallax=&#8221;off&#8221; parallax_method=&#8221;on&#8221;][et_pb_text admin_label=&#8221;Cobbis iskanje&#8221; custom_margin=&#8221;0px||-8px|&#8221; custom_padding=&#8221;0px|||&#8221;]<\/p>\n<p>Poi\u0161\u010dite v na\u0161i knji\u017enici:<\/p>\n<table style=\"padding: 0px; border-spacing: 0px; height: 12px;\" width=\"63\">\n<tbody>\n<tr>\n<th>\n<div>\n<div style=\"position: relative;\">\n<form id=\"cobiss-plus\" style=\"width: 100%; max-width: 800px;\" action=\"https:\/\/plus.si.cobiss.net\/opac7\/bib\/search\" method=\"get\"><input name=\"database\" type=\"hidden\" value=\"OSFMS\" \/><\/p>\n<div style=\"position: absolute; left: 0; top: 0; border-radius: 17px 0 0 17px; padding: 1px 7px 1px 10px; color: #4d6b8a; background-color: #fff; border: 1px solid #ccc; border-right: 0; height: 30px;\"><img decoding=\"async\" style=\"width: 19px; height: 24px; padding: 0; margin: 0;\" title=\"COBISS-plus-icon\" src=\"https:\/\/www.izum.si\/images\/out\/cobiss-plus-icon.svg\" alt=\"COBISS+\" \/><\/div>\n<div style=\"margin-left: 37px; margin-right: 34px;\"><input style=\"width: 100%; border-radius: 0; outline: 0; font-family: Arial,sans-serif; height: 30px; padding: 6px 12px; background-color: #fff; border: 1px solid #c2cad8; font-size: 13px; line-height: 1.42857; color: #4d6b8a; background-image: none;\" name=\"q\" type=\"search\" placeholder=\"poi\u0161\u010dite gradivo ...\" \/><\/div>\n<div style=\"position: absolute; top: 0; width: 35px; right: 0;\"><button style=\"color: #fff; background-color: #0077a8; padding: 6px 0px 2px 6px; height: 30px; touch-action: manipulation; cursor: pointer; border: 1px solid #0077a8; margin: 0; border-radius: 0 17px 17px 0;\" type=\"submit\"> <img decoding=\"async\" style=\"height: 18px; width: 18px; padding: 0; margin: 0;\" title=\"I\u0160\u010cI\" src=\"https:\/\/www.izum.si\/images\/out\/search-icon.svg\" alt=\"i\u0161\u010di\" \/> <\/button><\/div>\n<\/form>\n<\/div>\n<\/div>\n<\/th>\n<\/tr>\n<\/tbody>\n<\/table>\n<p>[\/et_pb_text][et_pb_image src=&#8221;http:\/\/osfm-splet.splet.arnes.si\/files\/2018\/01\/Logo-sio-2020-arnes.jpg&#8221; alt=&#8221;SIO-2020&#8243; url=&#8221;https:\/\/www.arnes.si\/sio-2020\/&#8221; url_new_window=&#8221;on&#8221; animation=&#8221;off&#8221; admin_label=&#8221;SIO-2020 in Arnes&#8221; custom_margin=&#8221;2px||2px|&#8221;][\/et_pb_image][et_pb_image src=&#8221;http:\/\/osfm-splet.splet.arnes.si\/files\/2018\/01\/Logo_EKP_sklad_za_regionalni_razvoj_SLO_slogan-e1515762978274.jpg&#8221; url=&#8221;http:\/\/www.eu-skladi.si\/&#8221; url_new_window=&#8221;on&#8221; animation=&#8221;off&#8221; admin_label=&#8221;EU Skladi&#8221; custom_margin=&#8221;2px||2px|&#8221;][\/et_pb_image][et_pb_image src=&#8221;http:\/\/osfm-splet.splet.arnes.si\/files\/2018\/01\/logo-mss-e1515757613164.jpg&#8221; url=&#8221;http:\/\/www.mizs.gov.si\/&#8221; url_new_window=&#8221;on&#8221; animation=&#8221;off&#8221; admin_label=&#8221;Ministrstvo za izobra\u017eevanje, znanost in \u0161port &#8221; custom_margin=&#8221;0px||0px|&#8221;][\/et_pb_image][et_pb_text admin_label=&#8221;Aktualni projekti&#8221; custom_margin=&#8221;0px||0px|&#8221;]<\/p>\n<hr \/>\n<h6><span style=\"color: #808080;\"><strong>AKTUALNI PROJEKTI:<\/strong><\/span><\/h6>\n<p><a href=\"https:\/\/spregovorimootleh.splet.arnes.si\" target=\"_blank\">Erasmus+ \u201cSpregovorimo o tleh\u201d (KA2)<\/a><\/p>\n<p><a href=\"http:\/\/www.fmalgaja.si\/?page_id=6501\">Erasmus+ \u201cDruga\u010dnost nas bogati \u2013 \u017eiveti inkluzivno\u201d (KA1)<\/a><\/p>\n<p><a href=\"http:\/\/www.fmalgaja.si\/?page_id=5043\" target=\"_blank\">SIO-2020: Program nadaljnje vzpostavitve IKT infrastrukture v vzgoji in izobra\u017eevanju<\/a><\/p>\n<p><a href=\"http:\/\/osfm-splet.splet.arnes.si\/?page_id=4109\" target=\"_blank\">Inovativna u\u010dna okolja &#8220;Inovativna pedagogika 1:1&#8221;<\/a><\/p>\n<p><a href=\"http:\/\/osfm-splet.splet.arnes.si\/?page_id=4113\" target=\"_blank\">Krepitev kompetenc podjetnosti in spodbujanje pro\u017enega prehajanja med izobra\u017eevanjem in okoljem v osnovnih \u0161olah<\/a><\/p>\n<p><a href=\"http:\/\/osfm-splet.splet.arnes.si\/?page_id=4133\" target=\"_blank\">U\u010denje evropske raznolikosti &#8220;EU4Me&#8221;<\/a><\/p>\n<p><a href=\"https:\/\/www.earthkam.org\/\" target=\"_blank\">Sally Ride EarthKam<\/a><\/p>\n<p><a href=\"http:\/\/osfm-splet.splet.arnes.si\/?page_id=4137\" target=\"_blank\">Kulturna \u0161ola<\/a><\/p>\n<p><a href=\"http:\/\/osfm-splet.splet.arnes.si\/?page_id=4149\" target=\"_blank\">Beremo, ustvarjamo, pomagamo<\/a><\/p>\n<p><a href=\"http:\/\/reach-the-sky.splet.arnes.si\/\" target=\"_blank\">Erasmus+ &#8220;Reach the Sky&#8221;<\/a><\/p>\n<hr \/>\n<p>[\/et_pb_text][et_pb_image src=&#8221;http:\/\/osfm-splet.splet.arnes.si\/files\/2015\/08\/kulturna_logo.jpg&#8221; animation=&#8221;off&#8221; admin_label=&#8221;Kulturna \u0161ola&#8221;][\/et_pb_image][et_pb_image src=&#8221;http:\/\/osfm-splet.splet.arnes.si\/files\/2015\/09\/erasmus-logo_mic.jpg&#8221; animation=&#8221;off&#8221; admin_label=&#8221;Erasmus+&#8221; custom_margin=&#8221;0px||0px|&#8221;][\/et_pb_image][\/et_pb_column][\/et_pb_row][\/et_pb_section]<\/p>\n","protected":false},"excerpt":{"rendered":"<p>Poi\u0161\u010dite v na\u0161i knji\u017enici: AKTUALNI PROJEKTI: Erasmus+ \u201cSpregovorimo o tleh\u201d (KA2) Erasmus+ \u201cDruga\u010dnost nas bogati \u2013 \u017eiveti inkluzivno\u201d (KA1) SIO-2020: Program nadaljnje vzpostavitve IKT infrastrukture v vzgoji in izobra\u017eevanju Inovativna u\u010dna okolja &#8220;Inovativna pedagogika 1:1&#8221; Krepitev kompetenc podjetnosti in spodbujanje pro\u017enega prehajanja med izobra\u017eevanjem in okoljem v osnovnih \u0161olah U\u010denje evropske raznolikosti &#8220;EU4Me&#8221; Sally Ride [&hellip;]<\/p>\n","protected":false},"author":4407,"featured_media":0,"parent":0,"menu_order":0,"comment_status":"closed","ping_status":"open","template":"page-template-blank.php","meta":{"_et_pb_use_builder":"on","_et_pb_old_content":"","_et_gb_content_width":"","ngg_post_thumbnail":0,"footnotes":"","_expiration-date-status":"saved","_expiration-date":0,"_expiration-date-type":"","_expiration-date-categories":[],"_expiration-date-options":[]},"class_list":["post-423","page","type-page","status-publish","hentry"],"_links":{"self":[{"href":"https:\/\/www.fmalgaja.si\/index.php?rest_route=\/wp\/v2\/pages\/423","targetHints":{"allow":["GET"]}}],"collection":[{"href":"https:\/\/www.fmalgaja.si\/index.php?rest_route=\/wp\/v2\/pages"}],"about":[{"href":"https:\/\/www.fmalgaja.si\/index.php?rest_route=\/wp\/v2\/types\/page"}],"author":[{"embeddable":true,"href":"https:\/\/www.fmalgaja.si\/index.php?rest_route=\/wp\/v2\/users\/4407"}],"replies":[{"embeddable":true,"href":"https:\/\/www.fmalgaja.si\/index.php?rest_route=%2Fwp%2Fv2%2Fcomments&post=423"}],"version-history":[{"count":147,"href":"https:\/\/www.fmalgaja.si\/index.php?rest_route=\/wp\/v2\/pages\/423\/revisions"}],"predecessor-version":[{"id":14819,"href":"https:\/\/www.fmalgaja.si\/index.php?rest_route=\/wp\/v2\/pages\/423\/revisions\/14819"}],"wp:attachment":[{"href":"https:\/\/www.fmalgaja.si\/index.php?rest_route=%2Fwp%2Fv2%2Fmedia&parent=423"}],"curies":[{"name":"wp","href":"https:\/\/api.w.org\/{rel}","templated":true}]}}