{"id":22210,"date":"2023-04-19T14:26:47","date_gmt":"2023-04-19T12:26:47","guid":{"rendered":"https:\/\/osfm-splet.splet.arnes.si\/?page_id=22210"},"modified":"2023-04-19T14:28:49","modified_gmt":"2023-04-19T12:28:49","slug":"osfm-dostopnost","status":"publish","type":"page","link":"https:\/\/www.fmalgaja.si\/?page_id=22210","title":{"rendered":"O\u0160FM-Dostopnost"},"content":{"rendered":"<h2><strong>Izjava o dostopnosti<\/strong><\/h2>\n<p>Zakon o dostopnosti spleti\u0161\u010d in mobilnih aplikacij (v nadaljevanju: ZDSMA) osnovne \u0161ole zavezuje glede vsebine spleti\u0161\u010d in mobilnih aplikacij, ki se nana\u0161ajo na osnovne informacije o zavodu, informacije o vpisnem postopku in druge upravne informacije, kot so na primer \u0161olski koledar in urniki. O\u0160 Franja Malgaja \u0161entjur upravlja \u0161olsko spletno stran na storitvi <a href=\"https:\/\/splet.arnes.si\/\" target=\"_blank\" rel=\"noopener\">Arnes splet<\/a> in omogo\u010da dostopnost spleti\u0161\u010da <a href=\"http:\/\/www.fmalgaja.si\">www.fmalgaja.si<\/a> v skladu z Zakonom o dostopnosti spleti\u0161\u010d in mobilnih aplikacij vsem uporabnikom. Za ta namen na spletni strani uporabljamo vti\u010dnik SOGO. Ta vti\u010dnik obiskovalcem omogo\u010da, da spleti\u0161\u010de prilagodijo svojim potrebam. Obiskovalci spleti\u0161\u010da tako lahko spremenijo kontrast barv na spleti\u0161\u010du, ustavijo premike in uredijo besedilo tako, da so vse povezave pod\u010drtane.<\/p>\n<p><strong>Stopnja skladnosti<\/strong><br \/>\nSpleti\u0161\u010de<a href=\"http:\/\/www.fmalgaja.si\"> www.fmalgaja.si<\/a> je delno skladno z Zakonom o dostopnosti spleti\u0161\u010d in mobilnih aplikacij zaradi spodaj navedenih izjem.<\/p>\n<p><strong>Nedostopna vsebina<\/strong><br \/>\nDostopnost spleti\u0161\u010da <a href=\"http:\/\/www.fmalgaja.si\">www.fmalgaja.si<\/a> nenehno spremljamo in sproti izbolj\u0161ujemo posamezne elemente dostopnosti. Kljub temu nekatere objavljene vsebine ne izpolnjujejo vseh zahtev glede dostopnosti ali pa spadajo med izjeme, kot jih dolo\u010da Zakon o dostopnosti spleti\u0161\u010d in mobilnih aplikacij.<\/p>\n<p>Primeri takih vsebin so:<br \/>\nskenirani dokumenti v PDF obliki zapisa,<br \/>\nrazli\u010dne kompleksne tabele s podatki,<br \/>\norganigram O\u0160 Franja Malgaja \u0161entjur,<br \/>\nurniki (izjema po 3. \u010dlenu, 2. odstavku, 5. to\u010dki ZDSMA).<\/p>\n<p><strong>Priprava izjave o dostopnosti<\/strong><br \/>\nIzjava je bila nazadnje pregledana 13. aprila 2023.<\/p>\n<p><strong>Povratne in kontaktne informacije<\/strong><br \/>\nZaradi zelo pogostih posodobitev vsebin lahko obiskovalci pri brskanju po spleti\u0161\u010du <a href=\"http:\/\/www.fmalgaja.si\">www.fmalgaja.si<\/a>, kljub prizadevanjem, da bi bile vse spletne strani \u010dim bolj dostopne in uporabnikom prijazne, ob\u010dasno naletijo na te\u017eave z dostopnostjo.Obvestilo o morebitnih primerih neskladnosti objav z dolo\u010dili Zakona o dostopnosti spleti\u0161\u010d in mobilnih aplikacij in zahteve po posredovanju informacij v dostopni obliki lahko po\u0161ljete po elektronski po\u0161ti na naslov tajnistvo@fmalgaja.si. Odgovor boste prejeli v roku osmih dni od prejema obvestila oziroma pro\u0161nje. \u010ce v tem roku ne bomo mogli podati ustreznega odgovora, vam bomo sporo\u010dili, kdaj bo odgovor podan in razloge za zakasnitev odgovora.<\/p>\n<p><strong>Izvr\u0161ilni postopek<\/strong><br \/>\nV primeru, da ugotovite odstopanja od dolo\u010dil Zakona o dostopnosti spleti\u0161\u010d in mobilnih aplikacij, lahko podate prijavo in\u0161pektorjem za informacijsko dru\u017ebo po navadni ali elektronski po\u0161ti na naslov:<\/p>\n<p>&nbsp;<\/p>\n<div id=\"e28810\" class=\"organisation-element__organisation organisation-module block \">\n<div class=\"adapt\">\n<div class=\"sidebar-adapt\">\n<div class=\"inner tablet-cols\">\n<div class=\"contact-info\">\n<h4><a href=\"https:\/\/www.gov.si\/drzavni-organi\/organi-v-sestavi\/inspektorat-za-informacijsko-druzbo\/\" target=\"_blank\" rel=\"noopener\">In\u0161pektorat Republike Slovenije za informacijsko dru\u017ebo<\/a><\/h4>\n<p>Ministrstvo za digitalno preobrazbo Dav\u010dna ulica 1<br \/>\n1000 Ljubljana<\/p>\n<\/div>\n<ul class=\"contact-list\">\n<li><i class=\"icon ficon-phone\" aria-label=\"Telefon\"><\/i><a href=\"tel:+38615555848\">01 555 58 48<\/a><\/li>\n<li><i class=\"icon ficon-mail_outline\" aria-label=\"E-naslov\"><\/i><a class=\"js-obfuscated is-reverse\" href=\"mailto:gp.irsid@gov.si\" data-address=\"GA.1FI@PGALG.DI@\">gp.irsid@gov.si<\/a><\/li>\n<\/ul>\n<\/div>\n<\/div>\n<\/div>\n<\/div>\n","protected":false},"excerpt":{"rendered":"<p>Izjava o dostopnosti Zakon o dostopnosti spleti\u0161\u010d in mobilnih aplikacij (v nadaljevanju: ZDSMA) osnovne \u0161ole zavezuje glede vsebine spleti\u0161\u010d in mobilnih aplikacij, ki se nana\u0161ajo na osnovne informacije o zavodu, informacije o vpisnem postopku in druge upravne informacije, kot so na primer \u0161olski koledar in urniki. O\u0160 Franja Malgaja \u0161entjur upravlja \u0161olsko spletno stran na [&hellip;]<\/p>\n","protected":false},"author":4407,"featured_media":0,"parent":0,"menu_order":0,"comment_status":"closed","ping_status":"closed","template":"","meta":{"_et_pb_use_builder":"","_et_pb_old_content":"","_et_gb_content_width":"","ngg_post_thumbnail":0,"footnotes":"","_expiration-date-status":"","_expiration-date":0,"_expiration-date-type":"","_expiration-date-categories":[],"_expiration-date-options":[]},"class_list":["post-22210","page","type-page","status-publish","hentry"],"_links":{"self":[{"href":"https:\/\/www.fmalgaja.si\/index.php?rest_route=\/wp\/v2\/pages\/22210","targetHints":{"allow":["GET"]}}],"collection":[{"href":"https:\/\/www.fmalgaja.si\/index.php?rest_route=\/wp\/v2\/pages"}],"about":[{"href":"https:\/\/www.fmalgaja.si\/index.php?rest_route=\/wp\/v2\/types\/page"}],"author":[{"embeddable":true,"href":"https:\/\/www.fmalgaja.si\/index.php?rest_route=\/wp\/v2\/users\/4407"}],"replies":[{"embeddable":true,"href":"https:\/\/www.fmalgaja.si\/index.php?rest_route=%2Fwp%2Fv2%2Fcomments&post=22210"}],"version-history":[{"count":4,"href":"https:\/\/www.fmalgaja.si\/index.php?rest_route=\/wp\/v2\/pages\/22210\/revisions"}],"predecessor-version":[{"id":22214,"href":"https:\/\/www.fmalgaja.si\/index.php?rest_route=\/wp\/v2\/pages\/22210\/revisions\/22214"}],"wp:attachment":[{"href":"https:\/\/www.fmalgaja.si\/index.php?rest_route=%2Fwp%2Fv2%2Fmedia&parent=22210"}],"curies":[{"name":"wp","href":"https:\/\/api.w.org\/{rel}","templated":true}]}}